{"id":205,"date":"2022-04-12T09:25:16","date_gmt":"2022-04-12T07:25:16","guid":{"rendered":"https:\/\/bee-bavarian.de\/?page_id=205"},"modified":"2022-04-12T09:25:16","modified_gmt":"2022-04-12T07:25:16","slug":"garten-bienenstand","status":"publish","type":"page","link":"https:\/\/bee-bavarian.de\/?page_id=205","title":{"rendered":"Garten-Bienenstand"},"content":{"rendered":"\n<figure class=\"wp-block-image size-large\"><img loading=\"lazy\" width=\"1024\" height=\"576\" src=\"http:\/\/bee-bavarian.de\/wp-content\/uploads\/2022\/04\/wp-1649747224260-1024x576.jpg\" alt=\"\" class=\"wp-image-203\" srcset=\"https:\/\/bee-bavarian.de\/wp-content\/uploads\/2022\/04\/wp-1649747224260-1024x576.jpg 1024w, https:\/\/bee-bavarian.de\/wp-content\/uploads\/2022\/04\/wp-1649747224260-300x169.jpg 300w, https:\/\/bee-bavarian.de\/wp-content\/uploads\/2022\/04\/wp-1649747224260-768x432.jpg 768w, https:\/\/bee-bavarian.de\/wp-content\/uploads\/2022\/04\/wp-1649747224260-1536x864.jpg 1536w, https:\/\/bee-bavarian.de\/wp-content\/uploads\/2022\/04\/wp-1649747224260-2048x1152.jpg 2048w, https:\/\/bee-bavarian.de\/wp-content\/uploads\/2022\/04\/wp-1649747224260-676x380.jpg 676w\" sizes=\"(max-width: 1024px) 100vw, 1024px\" \/><figcaption>Bienenbeuten in unserem Garten<\/figcaption><\/figure>\n\n\n\n<p>Hier seht ihr den Bienenstand in unserem Garten. Dort hat quasi alles begonnen, meine ersten zwei V\u00f6lker wurden hier angesiedelt und gepflegt. 2019 habe ich noch von zwei auf drei V\u00f6lker erweitert, 2020 wurden es dann schon sieben und 2021 waren es am Ende der Saison 23. Von diesen 23  V\u00f6lkern stehen aktuell 14 an diesem Stand. Hier ist quasi die &#8222;Zentrale&#8220; meiner Imkerei, hier wird gez\u00fcchtet, nachgeschaffen, beobachtet und nat\u00fcrlich auch Honig produziert.<\/p>\n\n\n\n<p>Immer dabei sind nat\u00fcrlich die M\u00e4dels, die regelm\u00e4\u00dfig kontrollieren, ob ich alles richtig mache. Das Miteinander von Familie und Bienen klappt bestens, es herrscht ein \u00e4u\u00dferst friedliches Miteinander.<\/p>\n\n\n\n<p>2021 ist eines der V\u00f6lker abgeschw\u00e4rmt, dieses Schauspiel konnten wir zusammen mit den Nachbarn quasi live verfolgen. Es war beeindruckend! Der Schwarm wurde nat\u00fcrlich gefangen und durfte in eine neue Behausung einziehen.<\/p>\n","protected":false},"excerpt":{"rendered":"<p>Hier seht ihr den Bienenstand in unserem Garten. Dort hat quasi alles begonnen, meine ersten zwei V\u00f6lker wurden hier angesiedelt und gepflegt. 2019 habe ich noch von zwei auf drei V\u00f6lker erweitert, 2020 wurden es dann schon sieben und 2021 waren es am Ende der Saison 23. Von diesen 23 V\u00f6lkern stehen aktuell 14 an [&hellip;]<\/p>\n","protected":false},"author":1,"featured_media":0,"parent":0,"menu_order":0,"comment_status":"open","ping_status":"closed","template":"","meta":[],"_links":{"self":[{"href":"https:\/\/bee-bavarian.de\/index.php?rest_route=\/wp\/v2\/pages\/205"}],"collection":[{"href":"https:\/\/bee-bavarian.de\/index.php?rest_route=\/wp\/v2\/pages"}],"about":[{"href":"https:\/\/bee-bavarian.de\/index.php?rest_route=\/wp\/v2\/types\/page"}],"author":[{"embeddable":true,"href":"https:\/\/bee-bavarian.de\/index.php?rest_route=\/wp\/v2\/users\/1"}],"replies":[{"embeddable":true,"href":"https:\/\/bee-bavarian.de\/index.php?rest_route=%2Fwp%2Fv2%2Fcomments&post=205"}],"version-history":[{"count":1,"href":"https:\/\/bee-bavarian.de\/index.php?rest_route=\/wp\/v2\/pages\/205\/revisions"}],"predecessor-version":[{"id":207,"href":"https:\/\/bee-bavarian.de\/index.php?rest_route=\/wp\/v2\/pages\/205\/revisions\/207"}],"wp:attachment":[{"href":"https:\/\/bee-bavarian.de\/index.php?rest_route=%2Fwp%2Fv2%2Fmedia&parent=205"}],"curies":[{"name":"wp","href":"https:\/\/api.w.org\/{rel}","templated":true}]}}