{"id":178,"date":"2022-04-05T11:25:18","date_gmt":"2022-04-05T09:25:18","guid":{"rendered":"https:\/\/bee-bavarian.de\/?page_id=178"},"modified":"2022-04-05T12:30:29","modified_gmt":"2022-04-05T10:30:29","slug":"pizza-bienenstand","status":"publish","type":"page","link":"https:\/\/bee-bavarian.de\/?page_id=178","title":{"rendered":"Pizza-Bienenstand"},"content":{"rendered":"\n<div class=\"wp-block-image\"><figure class=\"aligncenter size-large\"><img loading=\"lazy\" width=\"576\" height=\"1024\" src=\"http:\/\/bee-bavarian.de\/wp-content\/uploads\/2022\/04\/wp-1649149374990-576x1024.jpg\" alt=\"\" class=\"wp-image-179\" srcset=\"https:\/\/bee-bavarian.de\/wp-content\/uploads\/2022\/04\/wp-1649149374990-576x1024.jpg 576w, https:\/\/bee-bavarian.de\/wp-content\/uploads\/2022\/04\/wp-1649149374990-169x300.jpg 169w, https:\/\/bee-bavarian.de\/wp-content\/uploads\/2022\/04\/wp-1649149374990-768x1365.jpg 768w, https:\/\/bee-bavarian.de\/wp-content\/uploads\/2022\/04\/wp-1649149374990-864x1536.jpg 864w, https:\/\/bee-bavarian.de\/wp-content\/uploads\/2022\/04\/wp-1649149374990-1152x2048.jpg 1152w, https:\/\/bee-bavarian.de\/wp-content\/uploads\/2022\/04\/wp-1649149374990-676x1202.jpg 676w, https:\/\/bee-bavarian.de\/wp-content\/uploads\/2022\/04\/wp-1649149374990-scaled.jpg 1440w\" sizes=\"(max-width: 576px) 100vw, 576px\" \/><figcaption>Im Fr\u00fchjahr werden die Beuten regelm\u00e4\u00dfig gewogen und das Gewicht dokumentiert<\/figcaption><\/figure><\/div>\n\n\n\n<p>Zun\u00e4chst herzlich willkommen! Sch\u00f6n, dass ihr Interesse an den Bienen habt!<\/p>\n\n\n\n<p>Als n\u00e4chstes zur Frage, warum ich die Bienen an diesem Stand &#8222;Pizza-Bienen&#8220; nenne: Bevor das Corona-Testzentrum er\u00f6ffnet hat, befand sich ein Pizza Heimservice in diesen R\u00e4umlichkeiten. Und nachdem mir der Begriff &#8222;Pizza-Bienen&#8220; nach wie vor sympathischer ist, als &#8222;Corona-Bienen&#8220;, m\u00f6chte ich daran festhalten.<\/p>\n\n\n\n<p>An diesem Stand befinden sich derzeit zwei Bienenv\u00f6lker, welche sich aus je einer K\u00f6nigin und im Sommer je bis zu 50.000 Arbeiterinnen zusammen setzen. Ein paar tausend Drohnen, die Bienenm\u00e4nner, sind dann auch noch dabei. Die M\u00e4nner k\u00f6nnen im \u00dcbrigen nicht stechen und \u00fcbernehmen im Bienenstock keine Arbeit. Sie dienen im Sommer nur dazu, sich mit fremden unbegatteten K\u00f6niginnen im Umkreis von ein paar Kilometern zu treffen und diese zu begatten. Nach Weitergabe des Erbgutes sterben die Drohnen.<\/p>\n\n\n\n<p>Die Arbeiterinnen sind f\u00fcr alle anderen T\u00e4tigkeiten zust\u00e4ndig, abgesehen vom Eier legen. Dies erledigt die K\u00f6nigin. Zu den Aufgaben der Arbeiterinnen geh\u00f6ren im Laufe ihres ca. 6-w\u00f6chigen Lebens im Sommer z.B. Brutpflege, Futterein- bzw. Umlagerung, die Verteidigung des Volkes und sp\u00e4ter nat\u00fcrlich noch das Sammeln von Nektar, Pollen und Wasser.<\/p>\n\n\n\n<p>An diesem Bienenstand sind die Flugl\u00f6cher Richtung S\u00fcdosten ausgerichtet. Grunds\u00e4tzlich m\u00f6gen die Bienen lieber die Ausrichtung in s\u00fcdliche und \u00f6stliche Richtungen, hier wird dadurch zudem vermieden, dass viele Bienen Richtung Gehweg fliegen und es dadurch zu Kollisionen mit Fu\u00dfg\u00e4ngern bzw. Radfahrern kommt. Diese Kollisionen sind in der Regel harmlos, Bienen stechen nur, wenn sie sich in gro\u00dfer Gefahr befinden. Sollte also eine Biene auf euch landen, ist es deutlich wahrscheinlicher, dass ihr von der Biene mit einer Blume verwechselt, als dass ihr angegriffen werdet.<\/p>\n\n\n\n<p><\/p>\n","protected":false},"excerpt":{"rendered":"<p>Zun\u00e4chst herzlich willkommen! Sch\u00f6n, dass ihr Interesse an den Bienen habt! Als n\u00e4chstes zur Frage, warum ich die Bienen an diesem Stand &#8222;Pizza-Bienen&#8220; nenne: Bevor das Corona-Testzentrum er\u00f6ffnet hat, befand sich ein Pizza Heimservice in diesen R\u00e4umlichkeiten. Und nachdem mir der Begriff &#8222;Pizza-Bienen&#8220; nach wie vor sympathischer ist, als &#8222;Corona-Bienen&#8220;, m\u00f6chte ich daran festhalten. An [&hellip;]<\/p>\n","protected":false},"author":1,"featured_media":0,"parent":0,"menu_order":0,"comment_status":"open","ping_status":"closed","template":"","meta":[],"_links":{"self":[{"href":"https:\/\/bee-bavarian.de\/index.php?rest_route=\/wp\/v2\/pages\/178"}],"collection":[{"href":"https:\/\/bee-bavarian.de\/index.php?rest_route=\/wp\/v2\/pages"}],"about":[{"href":"https:\/\/bee-bavarian.de\/index.php?rest_route=\/wp\/v2\/types\/page"}],"author":[{"embeddable":true,"href":"https:\/\/bee-bavarian.de\/index.php?rest_route=\/wp\/v2\/users\/1"}],"replies":[{"embeddable":true,"href":"https:\/\/bee-bavarian.de\/index.php?rest_route=%2Fwp%2Fv2%2Fcomments&post=178"}],"version-history":[{"count":5,"href":"https:\/\/bee-bavarian.de\/index.php?rest_route=\/wp\/v2\/pages\/178\/revisions"}],"predecessor-version":[{"id":192,"href":"https:\/\/bee-bavarian.de\/index.php?rest_route=\/wp\/v2\/pages\/178\/revisions\/192"}],"wp:attachment":[{"href":"https:\/\/bee-bavarian.de\/index.php?rest_route=%2Fwp%2Fv2%2Fmedia&parent=178"}],"curies":[{"name":"wp","href":"https:\/\/api.w.org\/{rel}","templated":true}]}}